{"id":49,"date":"2016-01-18T22:26:09","date_gmt":"2016-01-18T20:26:09","guid":{"rendered":"http:\/\/astridfasching.ch\/Wordpress\/?page_id=49"},"modified":"2023-01-12T19:06:45","modified_gmt":"2023-01-12T18:06:45","slug":"bewegung","status":"publish","type":"page","link":"https:\/\/astridfasching.ch\/Wordpress\/bewegung\/","title":{"rendered":"In Bewegung"},"content":{"rendered":"<p><em>Die F\u00fcsse am Boden<\/em><br \/>\n<em> Zu sp\u00fcren<\/em><br \/>\n<em> die Erde zu ber\u00fchren<\/em><\/p>\n<p><em>Die Arme dem Himmel<\/em><br \/>\n<em> Entgegenzustrecken<\/em><br \/>\n<em> Das Grosse Ganze zu f\u00fchlen<\/em><\/p>\n<p><em>Im Drehen<\/em><br \/>\n<em> Abzutauchen<\/em><br \/>\n<em> In die Undendlichkeit<\/em><\/p>\n<p><em>Um Da zu sein<\/em><br \/>\n<em> Pr\u00e4sent im Jetzt<\/em><br \/>\n<em> Verankert im K\u00f6rper<\/em><br \/>\n<em> Auf der Erde<\/em><\/p>\n<p><em>Astrid Fasching<\/em><\/p>\n<p>&nbsp;<\/p>\n<hr \/>\n<h3>Bewegungs-Tanz-und Gesundheitsf\u00f6rderungkurs f\u00fcr Laien<\/h3>\n<p>Ich biete Kurse an im Bereich Bewegung.<br \/>\nPrivatkurse im kleinen Rahmen oder Kurse in Gesundheitsf\u00f6rderung am Arbeitsplatz.<br \/>\nVon der R\u00fcckengymnastik und Haltungsschulung \u00fcber Elemente aus dem Chi Gong, Yoga und Fitnessbereich bis zum Tanz.<\/p>\n<p>Kurse auf <a href=\"mailto:info@astridfasching.ch\">Anfrage<\/a><\/p>\n<p>________________________________________________________________________<\/p>\n<h3>In Balance<\/h3>\n<p>Vom anf\u00e4nglich freien Tanzen, angelehnt an die 5 Rhythmen, f\u00fchren wir unseren K\u00f6rper, den Geist und die Seele durch die verschiedensten Bewegungsrichtungen bis hin zum Yoga.<\/p>\n<p>Zur Zeit findet kein fixer Kurs statt<br \/>\nKurs auf Anfrage<\/p>\n<p><a href=\"info@astridfasching.ch\">info@astridfasching.ch\u00a0<\/a>oder 079 735 10 67<\/p>\n<p>&nbsp;<\/p>\n","protected":false},"excerpt":{"rendered":"<p>Die F\u00fcsse am Boden Zu sp\u00fcren die Erde zu ber\u00fchren Die Arme dem Himmel Entgegenzustrecken Das Grosse Ganze zu f\u00fchlen Im Drehen Abzutauchen In die Undendlichkeit Um Da zu sein Pr\u00e4sent im Jetzt Verankert im K\u00f6rper Auf der Erde Astrid Fasching &nbsp; Bewegungs-Tanz-und Gesundheitsf\u00f6rderungkurs f\u00fcr Laien Ich biete Kurse an im Bereich Bewegung. Privatkurse im [&hellip;]<\/p>\n","protected":false},"author":1,"featured_media":0,"parent":0,"menu_order":0,"comment_status":"closed","ping_status":"closed","template":"","meta":{"footnotes":""},"class_list":["post-49","page","type-page","status-publish","hentry"],"yoast_head":"<!-- This site is optimized with the Yoast SEO plugin v26.9 - https:\/\/yoast.com\/product\/yoast-seo-wordpress\/ -->\n<title>In Bewegung - Astrid Fasching<\/title>\n<meta name=\"robots\" content=\"index, follow, max-snippet:-1, max-image-preview:large, max-video-preview:-1\" \/>\n<link rel=\"canonical\" href=\"https:\/\/astridfasching.ch\/Wordpress\/bewegung\/\" \/>\n<meta property=\"og:locale\" content=\"de_DE\" \/>\n<meta property=\"og:type\" content=\"article\" \/>\n<meta property=\"og:title\" content=\"In Bewegung - Astrid Fasching\" \/>\n<meta property=\"og:description\" content=\"Die F\u00fcsse am Boden Zu sp\u00fcren die Erde zu ber\u00fchren Die Arme dem Himmel Entgegenzustrecken Das Grosse Ganze zu f\u00fchlen Im Drehen Abzutauchen In die Undendlichkeit Um Da zu sein Pr\u00e4sent im Jetzt Verankert im K\u00f6rper Auf der Erde Astrid Fasching &nbsp; Bewegungs-Tanz-und Gesundheitsf\u00f6rderungkurs f\u00fcr Laien Ich biete Kurse an im Bereich Bewegung. Privatkurse im [&hellip;]\" \/>\n<meta property=\"og:url\" content=\"https:\/\/astridfasching.ch\/Wordpress\/bewegung\/\" \/>\n<meta property=\"og:site_name\" content=\"Astrid Fasching\" \/>\n<meta property=\"article:modified_time\" content=\"2023-01-12T18:06:45+00:00\" \/>\n<meta name=\"twitter:card\" content=\"summary_large_image\" \/>\n<meta name=\"twitter:label1\" content=\"Gesch\u00e4tzte Lesezeit\" \/>\n\t<meta name=\"twitter:data1\" content=\"1\u00a0Minute\" \/>\n<script type=\"application\/ld+json\" class=\"yoast-schema-graph\">{\"@context\":\"https:\/\/schema.org\",\"@graph\":[{\"@type\":\"WebPage\",\"@id\":\"https:\/\/astridfasching.ch\/Wordpress\/bewegung\/\",\"url\":\"https:\/\/astridfasching.ch\/Wordpress\/bewegung\/\",\"name\":\"In Bewegung - Astrid Fasching\",\"isPartOf\":{\"@id\":\"https:\/\/astridfasching.ch\/Wordpress\/#website\"},\"datePublished\":\"2016-01-18T20:26:09+00:00\",\"dateModified\":\"2023-01-12T18:06:45+00:00\",\"breadcrumb\":{\"@id\":\"https:\/\/astridfasching.ch\/Wordpress\/bewegung\/#breadcrumb\"},\"inLanguage\":\"de\",\"potentialAction\":[{\"@type\":\"ReadAction\",\"target\":[\"https:\/\/astridfasching.ch\/Wordpress\/bewegung\/\"]}]},{\"@type\":\"BreadcrumbList\",\"@id\":\"https:\/\/astridfasching.ch\/Wordpress\/bewegung\/#breadcrumb\",\"itemListElement\":[{\"@type\":\"ListItem\",\"position\":1,\"name\":\"Startseite\",\"item\":\"https:\/\/astridfasching.ch\/Wordpress\/\"},{\"@type\":\"ListItem\",\"position\":2,\"name\":\"In Bewegung\"}]},{\"@type\":\"WebSite\",\"@id\":\"https:\/\/astridfasching.ch\/Wordpress\/#website\",\"url\":\"https:\/\/astridfasching.ch\/Wordpress\/\",\"name\":\"Astrid Fasching\",\"description\":\"\",\"potentialAction\":[{\"@type\":\"SearchAction\",\"target\":{\"@type\":\"EntryPoint\",\"urlTemplate\":\"https:\/\/astridfasching.ch\/Wordpress\/?s={search_term_string}\"},\"query-input\":{\"@type\":\"PropertyValueSpecification\",\"valueRequired\":true,\"valueName\":\"search_term_string\"}}],\"inLanguage\":\"de\"}]}<\/script>\n<!-- \/ Yoast SEO plugin. -->","yoast_head_json":{"title":"In Bewegung - Astrid Fasching","robots":{"index":"index","follow":"follow","max-snippet":"max-snippet:-1","max-image-preview":"max-image-preview:large","max-video-preview":"max-video-preview:-1"},"canonical":"https:\/\/astridfasching.ch\/Wordpress\/bewegung\/","og_locale":"de_DE","og_type":"article","og_title":"In Bewegung - Astrid Fasching","og_description":"Die F\u00fcsse am Boden Zu sp\u00fcren die Erde zu ber\u00fchren Die Arme dem Himmel Entgegenzustrecken Das Grosse Ganze zu f\u00fchlen Im Drehen Abzutauchen In die Undendlichkeit Um Da zu sein Pr\u00e4sent im Jetzt Verankert im K\u00f6rper Auf der Erde Astrid Fasching &nbsp; Bewegungs-Tanz-und Gesundheitsf\u00f6rderungkurs f\u00fcr Laien Ich biete Kurse an im Bereich Bewegung. Privatkurse im [&hellip;]","og_url":"https:\/\/astridfasching.ch\/Wordpress\/bewegung\/","og_site_name":"Astrid Fasching","article_modified_time":"2023-01-12T18:06:45+00:00","twitter_card":"summary_large_image","twitter_misc":{"Gesch\u00e4tzte Lesezeit":"1\u00a0Minute"},"schema":{"@context":"https:\/\/schema.org","@graph":[{"@type":"WebPage","@id":"https:\/\/astridfasching.ch\/Wordpress\/bewegung\/","url":"https:\/\/astridfasching.ch\/Wordpress\/bewegung\/","name":"In Bewegung - Astrid Fasching","isPartOf":{"@id":"https:\/\/astridfasching.ch\/Wordpress\/#website"},"datePublished":"2016-01-18T20:26:09+00:00","dateModified":"2023-01-12T18:06:45+00:00","breadcrumb":{"@id":"https:\/\/astridfasching.ch\/Wordpress\/bewegung\/#breadcrumb"},"inLanguage":"de","potentialAction":[{"@type":"ReadAction","target":["https:\/\/astridfasching.ch\/Wordpress\/bewegung\/"]}]},{"@type":"BreadcrumbList","@id":"https:\/\/astridfasching.ch\/Wordpress\/bewegung\/#breadcrumb","itemListElement":[{"@type":"ListItem","position":1,"name":"Startseite","item":"https:\/\/astridfasching.ch\/Wordpress\/"},{"@type":"ListItem","position":2,"name":"In Bewegung"}]},{"@type":"WebSite","@id":"https:\/\/astridfasching.ch\/Wordpress\/#website","url":"https:\/\/astridfasching.ch\/Wordpress\/","name":"Astrid Fasching","description":"","potentialAction":[{"@type":"SearchAction","target":{"@type":"EntryPoint","urlTemplate":"https:\/\/astridfasching.ch\/Wordpress\/?s={search_term_string}"},"query-input":{"@type":"PropertyValueSpecification","valueRequired":true,"valueName":"search_term_string"}}],"inLanguage":"de"}]}},"_links":{"self":[{"href":"https:\/\/astridfasching.ch\/Wordpress\/wp-json\/wp\/v2\/pages\/49","targetHints":{"allow":["GET"]}}],"collection":[{"href":"https:\/\/astridfasching.ch\/Wordpress\/wp-json\/wp\/v2\/pages"}],"about":[{"href":"https:\/\/astridfasching.ch\/Wordpress\/wp-json\/wp\/v2\/types\/page"}],"author":[{"embeddable":true,"href":"https:\/\/astridfasching.ch\/Wordpress\/wp-json\/wp\/v2\/users\/1"}],"replies":[{"embeddable":true,"href":"https:\/\/astridfasching.ch\/Wordpress\/wp-json\/wp\/v2\/comments?post=49"}],"version-history":[{"count":26,"href":"https:\/\/astridfasching.ch\/Wordpress\/wp-json\/wp\/v2\/pages\/49\/revisions"}],"predecessor-version":[{"id":695,"href":"https:\/\/astridfasching.ch\/Wordpress\/wp-json\/wp\/v2\/pages\/49\/revisions\/695"}],"wp:attachment":[{"href":"https:\/\/astridfasching.ch\/Wordpress\/wp-json\/wp\/v2\/media?parent=49"}],"curies":[{"name":"wp","href":"https:\/\/api.w.org\/{rel}","templated":true}]}}