{"id":53,"date":"2018-12-19T06:00:02","date_gmt":"2018-12-19T05:00:02","guid":{"rendered":"http:\/\/astridfasching.ch\/Wordpress\/?page_id=53"},"modified":"2025-04-20T16:52:31","modified_gmt":"2025-04-20T15:52:31","slug":"trauer","status":"publish","type":"page","link":"https:\/\/astridfasching.ch\/Wordpress\/trauer\/","title":{"rendered":"In Trauer"},"content":{"rendered":"<p><em>Stell dir vor<\/em><\/p>\n<p><em> jede geweinte Tr\u00e4ne<\/em><br \/>\n<em> sei die Geburt eines Sonnenstrahls<\/em><\/p>\n<p><em>Viele Sonnenstrahlen zusammen<\/em><br \/>\n<em> Verm\u00f6gen dir deine Seele zu erhellen<\/em><\/p>\n<p><em>Astrid Fasching<\/em><\/p>\n<p>&nbsp;<\/p>\n<hr \/>\n<h3>Kurs: Rituale f\u00fchren dich an die Quelle deiner Kraft<\/h3>\n<p>Ankommen<br \/>\nF\u00fchlen<br \/>\nvon innen nach aussen legen, um loszulassen<br \/>\nFrieden schliessen<br \/>\ntransformieren<br \/>\num leicht<br \/>\nin Dankbarkeit weiterzugehen<br \/>\nbereit f\u00fcrs Neue<\/p>\n<p>In diesem Kurs, der an 5 Vorabenden zu je 90 Minuten im Raum K\u00f6niz bei Bern stattfinden wird,\u00a0 widmen wir uns der Kraft der Rituale.<br \/>\nRituale f\u00fcr \u00dcberg\u00e4nge, sei es nach einer Trennung, dem Tod eines lieben Menschen, einem Arbeitsplatzverlust oder einer Krankheit<\/p>\n<p>Mit \u00dcbungen aus dem Yoga, der Schreibpraxis, Meditationsformen, \u00dcbungen aus der Achtsamkeitspraxis, dem JSJ und konkreten Ritualen kommen wir \u00a0vom F\u00fchlen \u00fcbers Handeln zum Transformieren und kraftvollen Weitergehen<\/p>\n<p>Bist du\/ sind Sie interessiert?<br \/>\nIch freue mich, von dir\/ Ihnen zu h\u00f6ren!<br \/>\nRuf mich an oder schreibe mir:<\/p>\n<p><a href=\"http:\/\/info@astridfasching.ch\">079 735 10 67<\/a> oder<br \/>\n<a href=\"info@astridfasching.ch\">info@astridfasching.ch<\/a><\/p>\n<p>&nbsp;<\/p>\n<hr \/>\n<h3>Begleitung im Trauer und\/oder Sterbeprozess<\/h3>\n<p>Ben\u00f6tigen\u00a0 Sie Denkanst\u00f6sse im Trauer- und Sterbeprozess oder in einer erschwerten Lebenssituation?<br \/>\nM\u00f6chten Sie eine Patientenverf\u00fcgung ausf\u00fcllen und sind ratlos im Dschungel der Begriffe und M\u00f6glichkeiten?<\/p>\n<p>Ich bin da<br \/>\nziehe zum Gespr\u00e4ch Hilfsmittel bei, wie Bachbl\u00fcten, Massage, Jin Shin Jyutsu, Steine, Malen, Meditationen, Rituale, Bewegung oder Tanz, um Prozesse in Gang zu bringen und die Seele zu st\u00e4rken.<\/p>\n<p>Sie kommen in meine Praxis im Liebefeld, wir treffen uns an einem neutralen Ort oder bewegen uns in der Natur, nach Absprache.<\/p>\n<p>Stundenansatz: 110 Franken<\/p>\n<p>Begleitungen auf <a href=\"mailto:info@astridfasching.ch\">Anfrage<\/a><\/p>\n<p>&nbsp;<\/p>\n<hr \/>\n<h3>Abschiedsfeier gestalten<\/h3>\n<p>Ein Mensch, der Ihnen nahesteht, ist verstorben und Sie sind auf der Suche nach einer Person, die Ihnen hilft bei der Gestaltung und Durchf\u00fchrung der Abschiedsfeier?<\/p>\n<p>M\u00f6chten Sie die Abschiedsfeier in der Kirche oder in der Natur gestalten?<br \/>\nSind Sie irgendwo in der Schweiz wohnhaft?<\/p>\n<p>Mit meinem grossen Fundus an Ritualm\u00f6glichkeiten nehme ich Ihre Bed\u00fcrfnisse auf und leite, falls erw\u00fcnscht die Feier in einem sehr pers\u00f6nlichen Rahmen.<\/p>\n<p>Ich fahre zu Ihnen, wir treffen uns bei mir in der Praxis oder in der Natur f\u00fcr ein ungef\u00e4hr einst\u00fcndiges Erstgespr\u00e4ch.<br \/>\nAus dem Inhalt des Gespr\u00e4chs werde ich verschiedene Ablaufm\u00f6glichkeiten vorstellen, sei es per Mail oder mit einem zweiten Besuch.<br \/>\nDie Abschiedsfeier kann stattfinden.<\/p>\n<p>Stundenansatz: 150 Franken<\/p>\n<p><a href=\"https:\/\/astridfasching.ch\/Wordpress\/in-balance\/info@astridfasching.ch\">info@astridfasching.ch<\/a> oder\u00a0 <a href=\"http:\/\/079 735 10 67\">079 735 10 67<\/a><\/p>\n<p>&nbsp;<\/p>\n<p><a href=\"http:\/\/astridfasching.ch\/Wordpress\/wp-content\/uploads\/2023\/01\/IMG_0170-e1673356189911.jpg\"><img loading=\"lazy\" decoding=\"async\" class=\"alignnone wp-image-675\" src=\"http:\/\/astridfasching.ch\/Wordpress\/wp-content\/uploads\/2023\/01\/IMG_0170-e1673356189911-225x300.jpg\" alt=\"\" width=\"166\" height=\"221\" srcset=\"https:\/\/astridfasching.ch\/Wordpress\/wp-content\/uploads\/2023\/01\/IMG_0170-e1673356189911-225x300.jpg 225w, https:\/\/astridfasching.ch\/Wordpress\/wp-content\/uploads\/2023\/01\/IMG_0170-e1673356189911-768x1024.jpg 768w\" sizes=\"auto, (max-width: 166px) 100vw, 166px\" \/><\/a><a href=\"http:\/\/astridfasching.ch\/Wordpress\/wp-content\/uploads\/2023\/01\/IMG_3011-e1673356274774.jpg\"><img loading=\"lazy\" decoding=\"async\" class=\"alignnone wp-image-677\" src=\"http:\/\/astridfasching.ch\/Wordpress\/wp-content\/uploads\/2023\/01\/IMG_3011-e1673356274774-225x300.jpg\" alt=\"\" width=\"166\" height=\"221\" srcset=\"https:\/\/astridfasching.ch\/Wordpress\/wp-content\/uploads\/2023\/01\/IMG_3011-e1673356274774-225x300.jpg 225w, https:\/\/astridfasching.ch\/Wordpress\/wp-content\/uploads\/2023\/01\/IMG_3011-e1673356274774-768x1024.jpg 768w\" sizes=\"auto, (max-width: 166px) 100vw, 166px\" \/><\/a><a href=\"http:\/\/astridfasching.ch\/Wordpress\/wp-content\/uploads\/2023\/01\/IMG_7573-e1673356751708.jpg\"><img loading=\"lazy\" decoding=\"async\" class=\"alignnone wp-image-679\" src=\"http:\/\/astridfasching.ch\/Wordpress\/wp-content\/uploads\/2023\/01\/IMG_7573-e1673356751708-201x300.jpg\" alt=\"\" width=\"148\" height=\"221\" srcset=\"https:\/\/astridfasching.ch\/Wordpress\/wp-content\/uploads\/2023\/01\/IMG_7573-e1673356751708-201x300.jpg 201w, https:\/\/astridfasching.ch\/Wordpress\/wp-content\/uploads\/2023\/01\/IMG_7573-e1673356751708-768x1144.jpg 768w, https:\/\/astridfasching.ch\/Wordpress\/wp-content\/uploads\/2023\/01\/IMG_7573-e1673356751708-688x1024.jpg 688w\" sizes=\"auto, (max-width: 148px) 100vw, 148px\" \/><\/a><a href=\"http:\/\/astridfasching.ch\/Wordpress\/wp-content\/uploads\/2023\/01\/IMG_5319-e1673356769108.jpg\"><img loading=\"lazy\" decoding=\"async\" class=\"alignnone wp-image-681\" src=\"http:\/\/astridfasching.ch\/Wordpress\/wp-content\/uploads\/2023\/01\/IMG_5319-e1673356769108-225x300.jpg\" alt=\"\" width=\"164\" height=\"219\" srcset=\"https:\/\/astridfasching.ch\/Wordpress\/wp-content\/uploads\/2023\/01\/IMG_5319-e1673356769108-225x300.jpg 225w, https:\/\/astridfasching.ch\/Wordpress\/wp-content\/uploads\/2023\/01\/IMG_5319-e1673356769108-768x1024.jpg 768w\" sizes=\"auto, (max-width: 164px) 100vw, 164px\" \/><\/a><\/p>\n<p>&nbsp;<\/p>\n<hr \/>\n<h3><\/h3>\n<h3>Meditation f\u00fcr Eltern, die um ihr Kind trauern<\/h3>\n<p>\u201eIch bin verbunden mit meinem Kind\u201c ist eine Meditation, die ich dir zur Verf\u00fcgung stelle, um mit deinem verstorbenen Kind in Kontakt gehen zu k\u00f6nnen.<br \/>\nWie gross ist immer wieder der Schmerz, dass du dein Kind nicht in deinen Armen halten kannst.<br \/>\nIn diesen 10 Minuten kannst du deinem Kind begegnen, von Herz zu Herz.<\/p>\n<p>&nbsp;<\/p>\n<p><iframe loading=\"lazy\" title=\"YouTube video player\" src=\"https:\/\/www.youtube.com\/embed\/7a_j1JKzYkg\" width=\"100%\" height=\"360\" frameborder=\"0\" allowfullscreen=\"allowfullscreen\" data-mce-fragment=\"1\"><\/iframe><\/p>\n<p>Diese Meditation ist aus eigenem Erleben entstanden.<br \/>\nWie oft habe ich eine k\u00f6rperliche Begegnung mit meinem Sohn Janik zutiefst ersehnt.<br \/>\nDa er seinen K\u00f6rper verlassen hat und dies nicht mehr auf die gewohnte irdische Weise m\u00f6glich war, erschuf ich mir eine andere M\u00f6glichkeit.<br \/>\nDurch die Meditation entspanne ich mich und darf mich immer wieder daran erinnern, wie er sich anf\u00fchlte.<br \/>\nIch sp\u00fcre die Verbindung zu Janik, die bleibt, f\u00fcr immer!<\/p>\n<p>Das m\u00f6chte ich mit dir teilen.<br \/>\nWenn du traurig bist, oder dich auch sooo sehr nach deinem Kind sehnst, nimm dir Zeit, um deinem Engel nahe zu sein.<br \/>\nImmer wieder.<\/p>\n<p>In tiefer Verbundenheit mit dir<br \/>\nAstrid<\/p>\n<p>&nbsp;<\/p>\n<p><span class=\"yt-core-attributed-string yt-core-attributed-string--white-space-pre-wrap\"><span class=\"yt-core-attributed-string--link-inherit-color\">Recording, Mixdown und Musik:<br \/>\nJonas Fasching\u00a0 <\/span><span class=\"yt-core-attributed-string--link-inherit-color\"><a class=\"yt-core-attributed-string__link yt-core-attributed-string__link--display-type yt-core-attributed-string__link--call-to-action-color\" tabindex=\"0\" href=\"https:\/\/www.youtube.com\/redirect?event=video_description&amp;redir_token=QUFFLUhqbXpUOHBZSDJSQXRscXd3YlBnbjlZeDVJcGJVZ3xBQ3Jtc0tuZWQySkttNnltTVdIN1VtbXk3Q2FrajhyU25CeGlpYnJUaEM5Sl82M21YaEM2Z2plODNObGx6NklBZTBjamxvTUVwY0RwRS0zVjVnM2pUSHp0VmJKUW9jcDVsSEJvV3pPR0lUOWNqYVZPZlRicXNZSQ&amp;q=http%3A%2F%2Fwww.klangdruide.com%2F&amp;v=zDNR1k9EZN0\" target=\"_blank\" rel=\"nofollow noopener\">http:\/\/www.jonasfasching.com<\/a><\/span><\/span><\/p>\n<p>&nbsp;<\/p>\n<hr \/>\n<h3><\/h3>\n<h3>Buch<\/h3>\n<h3><strong><a href=\"http:\/\/astridfasching.ch\/Wordpress\/wp-content\/uploads\/2016\/01\/fasching_a_wenn_das_leben_stillsteht.jpg\" rel=\"attachment wp-att-77\"><img loading=\"lazy\" decoding=\"async\" class=\"size-medium wp-image-77 alignright\" src=\"http:\/\/astridfasching.ch\/Wordpress\/wp-content\/uploads\/2016\/01\/fasching_a_wenn_das_leben_stillsteht-189x300.jpg\" alt=\"fasching_a_wenn_das_leben_stillsteht\" width=\"189\" height=\"300\" srcset=\"https:\/\/astridfasching.ch\/Wordpress\/wp-content\/uploads\/2016\/01\/fasching_a_wenn_das_leben_stillsteht-189x300.jpg 189w, https:\/\/astridfasching.ch\/Wordpress\/wp-content\/uploads\/2016\/01\/fasching_a_wenn_das_leben_stillsteht.jpg 368w\" sizes=\"auto, (max-width: 189px) 100vw, 189px\" \/><\/a><\/strong><\/h3>\n<p><em>Rituale f\u00fchren dich an die Quelle deiner Kraft<\/em><\/p>\n<p><em>Wenn du der Trauer gen\u00fcgend Raum gibst, verwandelt sich die Schwere in Leichtigkeit und Dankbarkeit<\/em><\/p>\n<p><em>Astrid Fasching<\/em><\/p>\n<p>ISBN: 978-3-86279-975-6<\/p>\n<p>&nbsp;<\/p>\n<p>In diesem Buch zeige ich auf, wie mit Hilfe von Ritualen auch schwere Schicksalsschl\u00e4ge \u00fcberwunden werden k\u00f6nnen.<br \/>\nIch erz\u00e4hle, wie ich\u00a0 nach dem Tod meines j\u00fcngeren Sohnes weiterlebte und woraus ich Kraft sch\u00f6pfte.<\/p>\n<p>Das Buch kann\u00a0 in allen Buchhandlungen und \u00fcber Amazon bestellt werden<\/p>\n<p>&nbsp;<\/p>\n","protected":false},"excerpt":{"rendered":"<p>Stell dir vor jede geweinte Tr\u00e4ne sei die Geburt eines Sonnenstrahls Viele Sonnenstrahlen zusammen Verm\u00f6gen dir deine Seele zu erhellen Astrid Fasching &nbsp; Kurs: Rituale f\u00fchren dich an die Quelle deiner Kraft Ankommen F\u00fchlen von innen nach aussen legen, um loszulassen Frieden schliessen transformieren um leicht in Dankbarkeit weiterzugehen bereit f\u00fcrs Neue In diesem Kurs, [&hellip;]<\/p>\n","protected":false},"author":1,"featured_media":0,"parent":0,"menu_order":0,"comment_status":"closed","ping_status":"closed","template":"","meta":{"footnotes":""},"class_list":["post-53","page","type-page","status-publish","hentry"],"yoast_head":"<!-- This site is optimized with the Yoast SEO plugin v26.9 - https:\/\/yoast.com\/product\/yoast-seo-wordpress\/ -->\n<title>In Trauer - Astrid Fasching<\/title>\n<meta name=\"robots\" content=\"index, follow, max-snippet:-1, max-image-preview:large, max-video-preview:-1\" \/>\n<link rel=\"canonical\" href=\"https:\/\/astridfasching.ch\/Wordpress\/trauer\/\" \/>\n<meta property=\"og:locale\" content=\"de_DE\" \/>\n<meta property=\"og:type\" content=\"article\" \/>\n<meta property=\"og:title\" content=\"In Trauer - Astrid Fasching\" \/>\n<meta property=\"og:description\" content=\"Stell dir vor jede geweinte Tr\u00e4ne sei die Geburt eines Sonnenstrahls Viele Sonnenstrahlen zusammen Verm\u00f6gen dir deine Seele zu erhellen Astrid Fasching &nbsp; Kurs: Rituale f\u00fchren dich an die Quelle deiner Kraft Ankommen F\u00fchlen von innen nach aussen legen, um loszulassen Frieden schliessen transformieren um leicht in Dankbarkeit weiterzugehen bereit f\u00fcrs Neue In diesem Kurs, [&hellip;]\" \/>\n<meta property=\"og:url\" content=\"https:\/\/astridfasching.ch\/Wordpress\/trauer\/\" \/>\n<meta property=\"og:site_name\" content=\"Astrid Fasching\" \/>\n<meta property=\"article:modified_time\" content=\"2025-04-20T15:52:31+00:00\" \/>\n<meta property=\"og:image\" content=\"http:\/\/astridfasching.ch\/Wordpress\/wp-content\/uploads\/2023\/01\/IMG_0170-e1673356189911-225x300.jpg\" \/>\n<meta name=\"twitter:card\" content=\"summary_large_image\" \/>\n<meta name=\"twitter:label1\" content=\"Gesch\u00e4tzte Lesezeit\" \/>\n\t<meta name=\"twitter:data1\" content=\"3\u00a0Minuten\" \/>\n<script type=\"application\/ld+json\" class=\"yoast-schema-graph\">{\"@context\":\"https:\/\/schema.org\",\"@graph\":[{\"@type\":\"WebPage\",\"@id\":\"https:\/\/astridfasching.ch\/Wordpress\/trauer\/\",\"url\":\"https:\/\/astridfasching.ch\/Wordpress\/trauer\/\",\"name\":\"In Trauer - Astrid Fasching\",\"isPartOf\":{\"@id\":\"https:\/\/astridfasching.ch\/Wordpress\/#website\"},\"primaryImageOfPage\":{\"@id\":\"https:\/\/astridfasching.ch\/Wordpress\/trauer\/#primaryimage\"},\"image\":{\"@id\":\"https:\/\/astridfasching.ch\/Wordpress\/trauer\/#primaryimage\"},\"thumbnailUrl\":\"http:\/\/astridfasching.ch\/Wordpress\/wp-content\/uploads\/2023\/01\/IMG_0170-e1673356189911-225x300.jpg\",\"datePublished\":\"2018-12-19T05:00:02+00:00\",\"dateModified\":\"2025-04-20T15:52:31+00:00\",\"breadcrumb\":{\"@id\":\"https:\/\/astridfasching.ch\/Wordpress\/trauer\/#breadcrumb\"},\"inLanguage\":\"de\",\"potentialAction\":[{\"@type\":\"ReadAction\",\"target\":[\"https:\/\/astridfasching.ch\/Wordpress\/trauer\/\"]}]},{\"@type\":\"ImageObject\",\"inLanguage\":\"de\",\"@id\":\"https:\/\/astridfasching.ch\/Wordpress\/trauer\/#primaryimage\",\"url\":\"https:\/\/astridfasching.ch\/Wordpress\/wp-content\/uploads\/2023\/01\/IMG_0170-e1673356189911.jpg\",\"contentUrl\":\"https:\/\/astridfasching.ch\/Wordpress\/wp-content\/uploads\/2023\/01\/IMG_0170-e1673356189911.jpg\",\"width\":3024,\"height\":4032},{\"@type\":\"BreadcrumbList\",\"@id\":\"https:\/\/astridfasching.ch\/Wordpress\/trauer\/#breadcrumb\",\"itemListElement\":[{\"@type\":\"ListItem\",\"position\":1,\"name\":\"Startseite\",\"item\":\"https:\/\/astridfasching.ch\/Wordpress\/\"},{\"@type\":\"ListItem\",\"position\":2,\"name\":\"In Trauer\"}]},{\"@type\":\"WebSite\",\"@id\":\"https:\/\/astridfasching.ch\/Wordpress\/#website\",\"url\":\"https:\/\/astridfasching.ch\/Wordpress\/\",\"name\":\"Astrid Fasching\",\"description\":\"\",\"potentialAction\":[{\"@type\":\"SearchAction\",\"target\":{\"@type\":\"EntryPoint\",\"urlTemplate\":\"https:\/\/astridfasching.ch\/Wordpress\/?s={search_term_string}\"},\"query-input\":{\"@type\":\"PropertyValueSpecification\",\"valueRequired\":true,\"valueName\":\"search_term_string\"}}],\"inLanguage\":\"de\"}]}<\/script>\n<!-- \/ Yoast SEO plugin. -->","yoast_head_json":{"title":"In Trauer - Astrid Fasching","robots":{"index":"index","follow":"follow","max-snippet":"max-snippet:-1","max-image-preview":"max-image-preview:large","max-video-preview":"max-video-preview:-1"},"canonical":"https:\/\/astridfasching.ch\/Wordpress\/trauer\/","og_locale":"de_DE","og_type":"article","og_title":"In Trauer - Astrid Fasching","og_description":"Stell dir vor jede geweinte Tr\u00e4ne sei die Geburt eines Sonnenstrahls Viele Sonnenstrahlen zusammen Verm\u00f6gen dir deine Seele zu erhellen Astrid Fasching &nbsp; Kurs: Rituale f\u00fchren dich an die Quelle deiner Kraft Ankommen F\u00fchlen von innen nach aussen legen, um loszulassen Frieden schliessen transformieren um leicht in Dankbarkeit weiterzugehen bereit f\u00fcrs Neue In diesem Kurs, [&hellip;]","og_url":"https:\/\/astridfasching.ch\/Wordpress\/trauer\/","og_site_name":"Astrid Fasching","article_modified_time":"2025-04-20T15:52:31+00:00","og_image":[{"url":"http:\/\/astridfasching.ch\/Wordpress\/wp-content\/uploads\/2023\/01\/IMG_0170-e1673356189911-225x300.jpg","type":"","width":"","height":""}],"twitter_card":"summary_large_image","twitter_misc":{"Gesch\u00e4tzte Lesezeit":"3\u00a0Minuten"},"schema":{"@context":"https:\/\/schema.org","@graph":[{"@type":"WebPage","@id":"https:\/\/astridfasching.ch\/Wordpress\/trauer\/","url":"https:\/\/astridfasching.ch\/Wordpress\/trauer\/","name":"In Trauer - Astrid Fasching","isPartOf":{"@id":"https:\/\/astridfasching.ch\/Wordpress\/#website"},"primaryImageOfPage":{"@id":"https:\/\/astridfasching.ch\/Wordpress\/trauer\/#primaryimage"},"image":{"@id":"https:\/\/astridfasching.ch\/Wordpress\/trauer\/#primaryimage"},"thumbnailUrl":"http:\/\/astridfasching.ch\/Wordpress\/wp-content\/uploads\/2023\/01\/IMG_0170-e1673356189911-225x300.jpg","datePublished":"2018-12-19T05:00:02+00:00","dateModified":"2025-04-20T15:52:31+00:00","breadcrumb":{"@id":"https:\/\/astridfasching.ch\/Wordpress\/trauer\/#breadcrumb"},"inLanguage":"de","potentialAction":[{"@type":"ReadAction","target":["https:\/\/astridfasching.ch\/Wordpress\/trauer\/"]}]},{"@type":"ImageObject","inLanguage":"de","@id":"https:\/\/astridfasching.ch\/Wordpress\/trauer\/#primaryimage","url":"https:\/\/astridfasching.ch\/Wordpress\/wp-content\/uploads\/2023\/01\/IMG_0170-e1673356189911.jpg","contentUrl":"https:\/\/astridfasching.ch\/Wordpress\/wp-content\/uploads\/2023\/01\/IMG_0170-e1673356189911.jpg","width":3024,"height":4032},{"@type":"BreadcrumbList","@id":"https:\/\/astridfasching.ch\/Wordpress\/trauer\/#breadcrumb","itemListElement":[{"@type":"ListItem","position":1,"name":"Startseite","item":"https:\/\/astridfasching.ch\/Wordpress\/"},{"@type":"ListItem","position":2,"name":"In Trauer"}]},{"@type":"WebSite","@id":"https:\/\/astridfasching.ch\/Wordpress\/#website","url":"https:\/\/astridfasching.ch\/Wordpress\/","name":"Astrid Fasching","description":"","potentialAction":[{"@type":"SearchAction","target":{"@type":"EntryPoint","urlTemplate":"https:\/\/astridfasching.ch\/Wordpress\/?s={search_term_string}"},"query-input":{"@type":"PropertyValueSpecification","valueRequired":true,"valueName":"search_term_string"}}],"inLanguage":"de"}]}},"_links":{"self":[{"href":"https:\/\/astridfasching.ch\/Wordpress\/wp-json\/wp\/v2\/pages\/53","targetHints":{"allow":["GET"]}}],"collection":[{"href":"https:\/\/astridfasching.ch\/Wordpress\/wp-json\/wp\/v2\/pages"}],"about":[{"href":"https:\/\/astridfasching.ch\/Wordpress\/wp-json\/wp\/v2\/types\/page"}],"author":[{"embeddable":true,"href":"https:\/\/astridfasching.ch\/Wordpress\/wp-json\/wp\/v2\/users\/1"}],"replies":[{"embeddable":true,"href":"https:\/\/astridfasching.ch\/Wordpress\/wp-json\/wp\/v2\/comments?post=53"}],"version-history":[{"count":105,"href":"https:\/\/astridfasching.ch\/Wordpress\/wp-json\/wp\/v2\/pages\/53\/revisions"}],"predecessor-version":[{"id":748,"href":"https:\/\/astridfasching.ch\/Wordpress\/wp-json\/wp\/v2\/pages\/53\/revisions\/748"}],"wp:attachment":[{"href":"https:\/\/astridfasching.ch\/Wordpress\/wp-json\/wp\/v2\/media?parent=53"}],"curies":[{"name":"wp","href":"https:\/\/api.w.org\/{rel}","templated":true}]}}