{"id":60,"date":"2023-12-19T06:00:44","date_gmt":"2023-12-19T05:00:44","guid":{"rendered":"http:\/\/astridfasching.ch\/Wordpress\/?page_id=60"},"modified":"2024-01-13T11:45:29","modified_gmt":"2024-01-13T10:45:29","slug":"in-stille","status":"publish","type":"page","link":"https:\/\/astridfasching.ch\/Wordpress\/in-stille\/","title":{"rendered":"In Stille"},"content":{"rendered":"<p style=\"text-align: left;\"><em>Einatmend<\/em><br \/>\n<em> Aus der Tiefe sch\u00f6pfen<\/em><\/p>\n<p style=\"text-align: left;\"><em>Ausatmend<\/em><br \/>\n<em> Abgeben<\/em><\/p>\n<p style=\"text-align: left;\"><em>Achtsam<\/em><br \/>\n<em> Sein<\/em><br \/>\n<em> Im Jetzt<\/em><\/p>\n<p style=\"text-align: left;\"><em>Astrid Fasching<\/em><\/p>\n<p>&nbsp;<\/p>\n<hr \/>\n<h3><\/h3>\n<h3>Meditationskurse<\/h3>\n<p>Dir Zeit zu nehmen f\u00fcr dich, die Stille zu sp\u00fcren, gibt dir die M\u00f6glichkeit, dich kennen zu lernen, den K\u00f6rper, den Geist und die Seele zu verbinden. Aus der Stille, aus der Leere entsteht F\u00fclle. Aus der Stille entspringen Antworten auf Fragen.<\/p>\n<p>In der Stille wird das \u201eJetzt\u201c ge\u00fcbt, wo die Achtsamkeit beginnt.<br \/>\nIch biete Privatkurse im kleinen Rahmen sowie Kurse am Arbeitsplatz an.<\/p>\n<p>Meditationskurse auf <a href=\"mailto:info@astridfasching.ch\">Anfrage<\/a><\/p>\n<p>&nbsp;<\/p>\n<hr \/>\n<p>&nbsp;<\/p>\n<h3><strong>Meditation: Atmen<\/strong><\/h3>\n<p><span class=\"yt-core-attributed-string yt-core-attributed-string--white-space-pre-wrap\"><span class=\"yt-core-attributed-string--link-inherit-color\">Der Atem ist dein Anker.<br \/>\nEr unterst\u00fctzt dich in herausfordernden Situationen und hilft dir zur\u00fcck zu kommen<br \/>\nins Hier und Jetzt<\/span><\/span><\/p>\n<p><iframe loading=\"lazy\" title=\"YouTube video player\" src=\"https:\/\/www.youtube.com\/embed\/zDNR1k9EZN0\" width=\"100%\" height=\"360\" frameborder=\"0\" allowfullscreen=\"allowfullscreen\"><\/iframe><\/p>\n<p><span class=\"yt-core-attributed-string yt-core-attributed-string--white-space-pre-wrap\"><span class=\"yt-core-attributed-string--link-inherit-color\">Recording, Mixdown und Musik:<br \/>\nJonas Fasching\u00a0 <\/span><span class=\"yt-core-attributed-string--link-inherit-color\"><a class=\"yt-core-attributed-string__link yt-core-attributed-string__link--display-type yt-core-attributed-string__link--call-to-action-color\" tabindex=\"0\" href=\"https:\/\/www.youtube.com\/redirect?event=video_description&amp;redir_token=QUFFLUhqbXpUOHBZSDJSQXRscXd3YlBnbjlZeDVJcGJVZ3xBQ3Jtc0tuZWQySkttNnltTVdIN1VtbXk3Q2FrajhyU25CeGlpYnJUaEM5Sl82M21YaEM2Z2plODNObGx6NklBZTBjamxvTUVwY0RwRS0zVjVnM2pUSHp0VmJKUW9jcDVsSEJvV3pPR0lUOWNqYVZPZlRicXNZSQ&amp;q=http%3A%2F%2Fwww.klangdruide.com%2F&amp;v=zDNR1k9EZN0\" target=\"_blank\" rel=\"nofollow noopener\">http:\/\/www.jonasfasching.com<\/a><\/span><\/span><\/p>\n<p>&nbsp;<\/p>\n<hr \/>\n<h3><\/h3>\n<h3>Meditation: Zwischen Himmel und Erde<\/h3>\n<p>Ein Sturm mag noch so gross sein<br \/>\nDeine Wurzeln tragen dich<br \/>\nAtme<br \/>\nEntspanne<\/p>\n<p><iframe loading=\"lazy\" title=\"YouTube video player\" src=\"https:\/\/www.youtube.com\/embed\/hEtCiv4k488\" width=\"100%\" height=\"360\" frameborder=\"0\" allowfullscreen=\"allowfullscreen\"><\/iframe><\/p>\n<p>Lehn dich zur\u00fcck<br \/>\nGeniesse den Moment<\/p>\n<p><span class=\"yt-core-attributed-string yt-core-attributed-string--white-space-pre-wrap\"><span class=\"yt-core-attributed-string--link-inherit-color\">Recording, Mixdown und Musik:<br \/>\nJonas Fasching\u00a0 <\/span><span class=\"yt-core-attributed-string--link-inherit-color\"><a class=\"yt-core-attributed-string__link yt-core-attributed-string__link--display-type yt-core-attributed-string__link--call-to-action-color\" tabindex=\"0\" href=\"https:\/\/www.youtube.com\/redirect?event=video_description&amp;redir_token=QUFFLUhqbXpUOHBZSDJSQXRscXd3YlBnbjlZeDVJcGJVZ3xBQ3Jtc0tuZWQySkttNnltTVdIN1VtbXk3Q2FrajhyU25CeGlpYnJUaEM5Sl82M21YaEM2Z2plODNObGx6NklBZTBjamxvTUVwY0RwRS0zVjVnM2pUSHp0VmJKUW9jcDVsSEJvV3pPR0lUOWNqYVZPZlRicXNZSQ&amp;q=http%3A%2F%2Fwww.klangdruide.com%2F&amp;v=zDNR1k9EZN0\" target=\"_blank\" rel=\"nofollow noopener\">http:\/\/www.jonasfasching.com<\/a><\/span><\/span><\/p>\n<p>&nbsp;<\/p>\n<hr \/>\n<h3><\/h3>\n<h3>Meditation: Ich bin in meiner Energie<\/h3>\n<p><span class=\"style-scope yt-formatted-string\" dir=\"auto\">Sp\u00fcre die Qualit\u00e4t der Farben<br \/>\nReinige deine Energiezentren- deine Chakren<br \/>\nKomm in deine Kraft<\/span><\/p>\n<p><!--more--><\/p>\n<p><iframe loading=\"lazy\" title=\"Meditation - Ich bin in meiner Energie\" width=\"500\" height=\"281\" src=\"https:\/\/www.youtube.com\/embed\/yQ5YQpbApEw?feature=oembed\" frameborder=\"0\" allow=\"accelerometer; autoplay; clipboard-write; encrypted-media; gyroscope; picture-in-picture; web-share\" referrerpolicy=\"strict-origin-when-cross-origin\" allowfullscreen><\/iframe><\/p>\n<p>Diese Meditation habe ich vor vielen Jahren erschaffen und mich immer wieder aufs Neue &#8222;Ganz&#8220; und tief erf\u00fcllt gef\u00fchlt danach.<br \/>\nGerne teile ich dies mit dir!<\/p>\n<p>&nbsp;<\/p>\n<p><span class=\"yt-core-attributed-string yt-core-attributed-string--white-space-pre-wrap\"><span class=\"yt-core-attributed-string--link-inherit-color\">Recording, Mixdown und Musik:<br \/>\nJonas Fasching\u00a0 <\/span><span class=\"yt-core-attributed-string--link-inherit-color\"><a class=\"yt-core-attributed-string__link yt-core-attributed-string__link--display-type yt-core-attributed-string__link--call-to-action-color\" tabindex=\"0\" href=\"https:\/\/www.youtube.com\/redirect?event=video_description&amp;redir_token=QUFFLUhqbXpUOHBZSDJSQXRscXd3YlBnbjlZeDVJcGJVZ3xBQ3Jtc0tuZWQySkttNnltTVdIN1VtbXk3Q2FrajhyU25CeGlpYnJUaEM5Sl82M21YaEM2Z2plODNObGx6NklBZTBjamxvTUVwY0RwRS0zVjVnM2pUSHp0VmJKUW9jcDVsSEJvV3pPR0lUOWNqYVZPZlRicXNZSQ&amp;q=http%3A%2F%2Fwww.klangdruide.com%2F&amp;v=zDNR1k9EZN0\" target=\"_blank\" rel=\"nofollow noopener\">http:\/\/www.jonasfasching.com<\/a><\/span><\/span><\/p>\n<p>&nbsp;<\/p>\n","protected":false},"excerpt":{"rendered":"<p>Einatmend Aus der Tiefe sch\u00f6pfen Ausatmend Abgeben Achtsam Sein Im Jetzt Astrid Fasching &nbsp; Meditationskurse Dir Zeit zu nehmen f\u00fcr dich, die Stille zu sp\u00fcren, gibt dir die M\u00f6glichkeit, dich kennen zu lernen, den K\u00f6rper, den Geist und die Seele zu verbinden. Aus der Stille, aus der Leere entsteht F\u00fclle. Aus der Stille entspringen Antworten [&hellip;]<\/p>\n","protected":false},"author":1,"featured_media":0,"parent":0,"menu_order":0,"comment_status":"closed","ping_status":"closed","template":"","meta":{"footnotes":""},"class_list":["post-60","page","type-page","status-publish","hentry"],"yoast_head":"<!-- This site is optimized with the Yoast SEO plugin v26.9 - https:\/\/yoast.com\/product\/yoast-seo-wordpress\/ -->\n<title>In Stille - Astrid Fasching<\/title>\n<meta name=\"robots\" content=\"index, follow, max-snippet:-1, max-image-preview:large, max-video-preview:-1\" \/>\n<link rel=\"canonical\" href=\"https:\/\/astridfasching.ch\/Wordpress\/in-stille\/\" \/>\n<meta property=\"og:locale\" content=\"de_DE\" \/>\n<meta property=\"og:type\" content=\"article\" \/>\n<meta property=\"og:title\" content=\"In Stille - Astrid Fasching\" \/>\n<meta property=\"og:description\" content=\"Einatmend Aus der Tiefe sch\u00f6pfen Ausatmend Abgeben Achtsam Sein Im Jetzt Astrid Fasching &nbsp; Meditationskurse Dir Zeit zu nehmen f\u00fcr dich, die Stille zu sp\u00fcren, gibt dir die M\u00f6glichkeit, dich kennen zu lernen, den K\u00f6rper, den Geist und die Seele zu verbinden. Aus der Stille, aus der Leere entsteht F\u00fclle. Aus der Stille entspringen Antworten [&hellip;]\" \/>\n<meta property=\"og:url\" content=\"https:\/\/astridfasching.ch\/Wordpress\/in-stille\/\" \/>\n<meta property=\"og:site_name\" content=\"Astrid Fasching\" \/>\n<meta property=\"article:modified_time\" content=\"2024-01-13T10:45:29+00:00\" \/>\n<meta name=\"twitter:card\" content=\"summary_large_image\" \/>\n<meta name=\"twitter:label1\" content=\"Gesch\u00e4tzte Lesezeit\" \/>\n\t<meta name=\"twitter:data1\" content=\"1\u00a0Minute\" \/>\n<script type=\"application\/ld+json\" class=\"yoast-schema-graph\">{\"@context\":\"https:\/\/schema.org\",\"@graph\":[{\"@type\":\"WebPage\",\"@id\":\"https:\/\/astridfasching.ch\/Wordpress\/in-stille\/\",\"url\":\"https:\/\/astridfasching.ch\/Wordpress\/in-stille\/\",\"name\":\"In Stille - Astrid Fasching\",\"isPartOf\":{\"@id\":\"https:\/\/astridfasching.ch\/Wordpress\/#website\"},\"datePublished\":\"2023-12-19T05:00:44+00:00\",\"dateModified\":\"2024-01-13T10:45:29+00:00\",\"breadcrumb\":{\"@id\":\"https:\/\/astridfasching.ch\/Wordpress\/in-stille\/#breadcrumb\"},\"inLanguage\":\"de\",\"potentialAction\":[{\"@type\":\"ReadAction\",\"target\":[\"https:\/\/astridfasching.ch\/Wordpress\/in-stille\/\"]}]},{\"@type\":\"BreadcrumbList\",\"@id\":\"https:\/\/astridfasching.ch\/Wordpress\/in-stille\/#breadcrumb\",\"itemListElement\":[{\"@type\":\"ListItem\",\"position\":1,\"name\":\"Startseite\",\"item\":\"https:\/\/astridfasching.ch\/Wordpress\/\"},{\"@type\":\"ListItem\",\"position\":2,\"name\":\"In Stille\"}]},{\"@type\":\"WebSite\",\"@id\":\"https:\/\/astridfasching.ch\/Wordpress\/#website\",\"url\":\"https:\/\/astridfasching.ch\/Wordpress\/\",\"name\":\"Astrid Fasching\",\"description\":\"\",\"potentialAction\":[{\"@type\":\"SearchAction\",\"target\":{\"@type\":\"EntryPoint\",\"urlTemplate\":\"https:\/\/astridfasching.ch\/Wordpress\/?s={search_term_string}\"},\"query-input\":{\"@type\":\"PropertyValueSpecification\",\"valueRequired\":true,\"valueName\":\"search_term_string\"}}],\"inLanguage\":\"de\"}]}<\/script>\n<!-- \/ Yoast SEO plugin. -->","yoast_head_json":{"title":"In Stille - Astrid Fasching","robots":{"index":"index","follow":"follow","max-snippet":"max-snippet:-1","max-image-preview":"max-image-preview:large","max-video-preview":"max-video-preview:-1"},"canonical":"https:\/\/astridfasching.ch\/Wordpress\/in-stille\/","og_locale":"de_DE","og_type":"article","og_title":"In Stille - Astrid Fasching","og_description":"Einatmend Aus der Tiefe sch\u00f6pfen Ausatmend Abgeben Achtsam Sein Im Jetzt Astrid Fasching &nbsp; Meditationskurse Dir Zeit zu nehmen f\u00fcr dich, die Stille zu sp\u00fcren, gibt dir die M\u00f6glichkeit, dich kennen zu lernen, den K\u00f6rper, den Geist und die Seele zu verbinden. Aus der Stille, aus der Leere entsteht F\u00fclle. Aus der Stille entspringen Antworten [&hellip;]","og_url":"https:\/\/astridfasching.ch\/Wordpress\/in-stille\/","og_site_name":"Astrid Fasching","article_modified_time":"2024-01-13T10:45:29+00:00","twitter_card":"summary_large_image","twitter_misc":{"Gesch\u00e4tzte Lesezeit":"1\u00a0Minute"},"schema":{"@context":"https:\/\/schema.org","@graph":[{"@type":"WebPage","@id":"https:\/\/astridfasching.ch\/Wordpress\/in-stille\/","url":"https:\/\/astridfasching.ch\/Wordpress\/in-stille\/","name":"In Stille - Astrid Fasching","isPartOf":{"@id":"https:\/\/astridfasching.ch\/Wordpress\/#website"},"datePublished":"2023-12-19T05:00:44+00:00","dateModified":"2024-01-13T10:45:29+00:00","breadcrumb":{"@id":"https:\/\/astridfasching.ch\/Wordpress\/in-stille\/#breadcrumb"},"inLanguage":"de","potentialAction":[{"@type":"ReadAction","target":["https:\/\/astridfasching.ch\/Wordpress\/in-stille\/"]}]},{"@type":"BreadcrumbList","@id":"https:\/\/astridfasching.ch\/Wordpress\/in-stille\/#breadcrumb","itemListElement":[{"@type":"ListItem","position":1,"name":"Startseite","item":"https:\/\/astridfasching.ch\/Wordpress\/"},{"@type":"ListItem","position":2,"name":"In Stille"}]},{"@type":"WebSite","@id":"https:\/\/astridfasching.ch\/Wordpress\/#website","url":"https:\/\/astridfasching.ch\/Wordpress\/","name":"Astrid Fasching","description":"","potentialAction":[{"@type":"SearchAction","target":{"@type":"EntryPoint","urlTemplate":"https:\/\/astridfasching.ch\/Wordpress\/?s={search_term_string}"},"query-input":{"@type":"PropertyValueSpecification","valueRequired":true,"valueName":"search_term_string"}}],"inLanguage":"de"}]}},"_links":{"self":[{"href":"https:\/\/astridfasching.ch\/Wordpress\/wp-json\/wp\/v2\/pages\/60","targetHints":{"allow":["GET"]}}],"collection":[{"href":"https:\/\/astridfasching.ch\/Wordpress\/wp-json\/wp\/v2\/pages"}],"about":[{"href":"https:\/\/astridfasching.ch\/Wordpress\/wp-json\/wp\/v2\/types\/page"}],"author":[{"embeddable":true,"href":"https:\/\/astridfasching.ch\/Wordpress\/wp-json\/wp\/v2\/users\/1"}],"replies":[{"embeddable":true,"href":"https:\/\/astridfasching.ch\/Wordpress\/wp-json\/wp\/v2\/comments?post=60"}],"version-history":[{"count":48,"href":"https:\/\/astridfasching.ch\/Wordpress\/wp-json\/wp\/v2\/pages\/60\/revisions"}],"predecessor-version":[{"id":724,"href":"https:\/\/astridfasching.ch\/Wordpress\/wp-json\/wp\/v2\/pages\/60\/revisions\/724"}],"wp:attachment":[{"href":"https:\/\/astridfasching.ch\/Wordpress\/wp-json\/wp\/v2\/media?parent=60"}],"curies":[{"name":"wp","href":"https:\/\/api.w.org\/{rel}","templated":true}]}}